{"id":268,"date":"2020-02-21T09:42:06","date_gmt":"2020-02-21T08:42:06","guid":{"rendered":"http:\/\/naturformat.de\/wordpress\/?page_id=268"},"modified":"2021-03-18T21:56:49","modified_gmt":"2021-03-18T20:56:49","slug":"about","status":"publish","type":"page","link":"https:\/\/naturformat.de\/wordpress\/about\/","title":{"rendered":"about"},"content":{"rendered":"<h3><img decoding=\"async\" class=\"alignleft wp-image-724 size-medium\" src=\"https:\/\/naturformat.de\/wordpress\/wp-content\/uploads\/2020\/12\/benjamin-gross-200x300.jpg\" alt=\"\" width=\"200\" height=\"300\" srcset=\"https:\/\/naturformat.de\/wordpress\/wp-content\/uploads\/2020\/12\/benjamin-gross-200x300.jpg 200w, https:\/\/naturformat.de\/wordpress\/wp-content\/uploads\/2020\/12\/benjamin-gross-77x116.jpg 77w, https:\/\/naturformat.de\/wordpress\/wp-content\/uploads\/2020\/12\/benjamin-gross.jpg 683w\" sizes=\"(max-width: 200px) 100vw, 200px\" \/>about<\/h3>\n<p>Es wurde mir in die Wiege gelegt: Die Liebe zur Natur und das Interesse an der Fotografie. Aufgewachsen in einer l\u00e4ndlichen Gegend im Nordosten von Baden-W\u00fcrttemberg, war die Natur vor der Haust\u00fcre der t\u00e4gliche Abenteuerspielplatz. Computer und Smartphones gab es damals in den 80er Jahren noch nicht \u2013 zum Gl\u00fcck. So war ich viel mit meinem Vater, selbst leidenschaftlicher Natursch\u00fctzer und -fotograf, entlang den Fl\u00fcssen Kocher und Jagst im sch\u00f6nen Hohenlohe unterwegs. Schon fr\u00fch baumelte ein Fernglas um meinen Hals.<\/p>\n<figure id=\"attachment_722\" aria-describedby=\"caption-attachment-722\" style=\"width: 197px\" class=\"wp-caption alignright\"><img decoding=\"async\" class=\"wp-image-722 size-medium\" src=\"https:\/\/naturformat.de\/wordpress\/wp-content\/uploads\/2020\/12\/benjamin_klein-197x300.jpg\" alt=\"\" width=\"197\" height=\"300\" srcset=\"https:\/\/naturformat.de\/wordpress\/wp-content\/uploads\/2020\/12\/benjamin_klein-197x300.jpg 197w, https:\/\/naturformat.de\/wordpress\/wp-content\/uploads\/2020\/12\/benjamin_klein-76x116.jpg 76w, https:\/\/naturformat.de\/wordpress\/wp-content\/uploads\/2020\/12\/benjamin_klein.jpg 393w\" sizes=\"(max-width: 197px) 100vw, 197px\" \/><figcaption id=\"caption-attachment-722\" class=\"wp-caption-text\">September 1981<\/figcaption><\/figure>\n<p>Spannende Tierbeobachtungen haben meine Kindheit gepr\u00e4gt. Und die Kamera des Vaters war auch st\u00e4ndiger Begleiter. Es gab so viel zu entdecken \u2013 zu sehen, zu riechen und zu schmecken. In der Jugend hat mich dann das Medium Wasser gepr\u00e4gt. Erst der Bau von Staud\u00e4mmen in kleinen B\u00e4chen. Dann die Fische und die Angelei. Zwischen 12 und 18 Jahren habe ich den Gro\u00dfteil meiner Freizeit zusammen mit Freunden angelnd am Fluss verbracht. Wenn wir nicht fischen waren, verbrachten wir die Zeit beim Basketballspielen auf dem Hartplatz oder auf dem Mountainbike. Kurzum es waren viele Jahre an der frischen Luft und in l\u00e4ndlicher Natur \u2013 eine Pr\u00e4gung f\u00fcrs Leben.<\/p>\n<p>Mit dem Beginn des Studiums der Umweltsicherung im Jahr 2000 kam dann (wieder) der Kontakt mit der Fotografie. Zusammen mit Kommilitonen gr\u00fcndete ich den \u201eArbeitskreis Naturfotografie\u201c. Wir gingen auf fotografische Exkursionen rund um unseren l\u00e4ndlichen Studienort in Mittelfranken unweit des Altm\u00fchlsees. Mit dem Diaprojektor diskutierten wir in einem kleinen H\u00f6rsaal die Ergebnisse. Es ergaben sich die ersten Kontakte zu Naturfotografen in der Region und zur Regionalgruppe VIII W\u00fcrttemberg, Bayern der GDT (<a href=\"http:\/\/www.gdtfoto.de\" target=\"_blank\" rel=\"noopener\">Gesellschaft f\u00fcr Naturfotografie e.V.<\/a>), damals noch Gesellschaft Deutscher Tierfotografen. Die Leidenschaft war geweckt. Die Fotografie nahm mehr und mehr einen immer gr\u00f6\u00dferen Raum in meinem Leben ein.<img decoding=\"async\" class=\"alignleft size-medium wp-image-741\" src=\"https:\/\/naturformat.de\/wordpress\/wp-content\/uploads\/2021\/01\/benjamin_hirschkaefer-300x200.jpg\" alt=\"\" width=\"300\" height=\"200\" srcset=\"https:\/\/naturformat.de\/wordpress\/wp-content\/uploads\/2021\/01\/benjamin_hirschkaefer-300x200.jpg 300w, https:\/\/naturformat.de\/wordpress\/wp-content\/uploads\/2021\/01\/benjamin_hirschkaefer-1024x683.jpg 1024w, https:\/\/naturformat.de\/wordpress\/wp-content\/uploads\/2021\/01\/benjamin_hirschkaefer-768x512.jpg 768w, https:\/\/naturformat.de\/wordpress\/wp-content\/uploads\/2021\/01\/benjamin_hirschkaefer-1536x1024.jpg 1536w, https:\/\/naturformat.de\/wordpress\/wp-content\/uploads\/2021\/01\/benjamin_hirschkaefer-174x116.jpg 174w, https:\/\/naturformat.de\/wordpress\/wp-content\/uploads\/2021\/01\/benjamin_hirschkaefer.jpg 1600w\" sizes=\"(max-width: 300px) 100vw, 300px\" \/><\/p>\n<p>2005 zog ich f\u00fcr den ersten Job nach Stuttgart. Ich hatte das riesen Gl\u00fcck, die Passion f\u00fcr die heimische Natur zum Beruf machen zu k\u00f6nnen und so begann meine bis heute andauernde Arbeit f\u00fcr die Naturschutzverwaltung des Landes Baden-W\u00fcrttemberg. Mit der Gro\u00dfstadt musste ich Landei mich erst anfreunden. Zum Gl\u00fcck wohnte ich am Rande der Stadt mit viel Gr\u00fcn und ausgedehnten Waldgebieten. Schnell entdeckte ich viele neue Motive vor der Haust\u00fcre. Das erste eigene Einkommen machte auch den Ausbau des Fotoequipments m\u00f6glich. Zum Jahreswechsel 2004 \/ 2005 stieg ich auf die Digitalfotografie um. Seitdem habe ich kein Dia mehr belichtet.<\/p>\n<p>Zwischen 2005 und 2011 war ich insgesamt sechs Mal f\u00fcr Fotoreisen am Neusiedler See. Die ersten vier Reisen zusammen mit Wolfgang Hemmer aus meiner hohenlohischen Heimat. Wir haben uns in jeder Hinsicht erg\u00e4nzt und viele wunderbare Stunden zwischen Hans\u00e1g und Leitahgebirge verbracht. 2007 haben wir in einer Reise den h\u00f6chsten und niedrigsten Punkt \u00d6sterreichs besucht. Unsere Reise begann am Gro\u00dfglockner bei Murmeltieren und Steinb\u00f6cken im Schnee und f\u00fchrte uns zu Rohrdommeln am Tiefsten Punkt am Rande der pannonischen Tiefebene. Ein unvergessenes Abenteuer! <img decoding=\"async\" class=\"alignright size-medium wp-image-742\" src=\"https:\/\/naturformat.de\/wordpress\/wp-content\/uploads\/2021\/01\/benjamin_obstbluete-300x225.jpg\" alt=\"\" width=\"300\" height=\"225\" srcset=\"https:\/\/naturformat.de\/wordpress\/wp-content\/uploads\/2021\/01\/benjamin_obstbluete-300x225.jpg 300w, https:\/\/naturformat.de\/wordpress\/wp-content\/uploads\/2021\/01\/benjamin_obstbluete-768x576.jpg 768w, https:\/\/naturformat.de\/wordpress\/wp-content\/uploads\/2021\/01\/benjamin_obstbluete-155x116.jpg 155w, https:\/\/naturformat.de\/wordpress\/wp-content\/uploads\/2021\/01\/benjamin_obstbluete.jpg 1024w\" sizes=\"(max-width: 300px) 100vw, 300px\" \/><\/p>\n<p>Inzwischen liegt mein fotografischer Schwerpunkt bei heimischen Motiven, h\u00e4ufig im Kontext mit Naturschutzthemen. F\u00fcr mich eine perfekte Symbiose aus Leidenschaft und Beruf! Die intensive Auseinandersetzung mit Lebensr\u00e4umen und ihren Arten fasziniert mich besonders. Es sind aber nicht nur die Motive in der Natur, die mich begeistern. Das Medium Fotografie an sich finde ich unglaublich spannend. Deshalb fotografiere ich hin und wieder auch Konzerte oder heimatliche Kulturg\u00fcter. Wichtig f\u00fcr die Inspiration dabei sind f\u00fcr mich die Musik in all ihren Facetten und andere K\u00fcnste, wie z.B. die Malerei, bei der es mir die romantische Landschaftsmalerei besonders angetan hat.<\/p>\n<p><img decoding=\"async\" class=\"alignleft size-medium wp-image-726\" src=\"https:\/\/naturformat.de\/wordpress\/wp-content\/uploads\/2020\/12\/benjamin_winter-300x225.jpg\" alt=\"\" width=\"300\" height=\"225\" srcset=\"https:\/\/naturformat.de\/wordpress\/wp-content\/uploads\/2020\/12\/benjamin_winter-300x225.jpg 300w, https:\/\/naturformat.de\/wordpress\/wp-content\/uploads\/2020\/12\/benjamin_winter-768x576.jpg 768w, https:\/\/naturformat.de\/wordpress\/wp-content\/uploads\/2020\/12\/benjamin_winter-155x116.jpg 155w, https:\/\/naturformat.de\/wordpress\/wp-content\/uploads\/2020\/12\/benjamin_winter.jpg 1024w\" sizes=\"(max-width: 300px) 100vw, 300px\" \/><\/p>\n<p>Die Faszination (Natur-)Fotografie mit anderen teilen zu d\u00fcrfen, war und ist mir immer wichtig. Was in der Studienzeit als Arbeitskreis begann, ist heute das ehrenamtliche Engagement in Vereinen. Von 2007 bis 2021 war ich zweiter Vorsitzender des <a href=\"http:\/\/www.fotoclub-leinfelden-echterdingen.de\" target=\"_blank\" rel=\"noopener\">Fotoclubs Leinfelden-Echterdingen e.V.<\/a> Hier hat man mich 2005 nach meinem Umzug nach Stuttgart herzlich aufgenommen und ich sch\u00e4tze diesen kleinen aber feinen Kreis von Menschen sehr. Seit Anfang der 2000er Jahre bin ich in der <a href=\"https:\/\/rg8.gdtfoto.de\/\" target=\"_blank\" rel=\"noopener\">Regionalgruppe VIII der GDT<\/a> aktiv, im Jahr 2010 habe ich die Leitung der Regionalgruppe \u00fcbernommen. In den letzten 10 Jahren ist die Gruppe stetig gewachsen, viele neue Mitglieder sind hinzugekommen und Freundschaften sind entstanden \u2013 es ist sch\u00f6n, ein Teil der GDT-Familie zu sein!<\/p>\n","protected":false},"excerpt":{"rendered":"<p>about Es wurde mir in die Wiege gelegt: Die Liebe zur Natur und das Interesse an der Fotografie. Aufgewachsen in einer l\u00e4ndlichen Gegend im Nordosten&hellip; <\/p>\n","protected":false},"author":1,"featured_media":0,"parent":0,"menu_order":7,"comment_status":"closed","ping_status":"closed","template":"","meta":{"footnotes":""},"folder":[],"class_list":["post-268","page","type-page","status-publish","hentry"],"yoast_head":"<!-- This site is optimized with the Yoast SEO plugin v24.2 - https:\/\/yoast.com\/wordpress\/plugins\/seo\/ -->\n<title>about - naturformat<\/title>\n<meta name=\"robots\" content=\"index, follow, max-snippet:-1, max-image-preview:large, max-video-preview:-1\" \/>\n<link rel=\"canonical\" href=\"https:\/\/naturformat.de\/wordpress\/about\/\" \/>\n<meta property=\"og:locale\" content=\"de_DE\" \/>\n<meta property=\"og:type\" content=\"article\" \/>\n<meta property=\"og:title\" content=\"about - naturformat\" \/>\n<meta property=\"og:description\" content=\"about Es wurde mir in die Wiege gelegt: Die Liebe zur Natur und das Interesse an der Fotografie. Aufgewachsen in einer l\u00e4ndlichen Gegend im Nordosten&hellip;\" \/>\n<meta property=\"og:url\" content=\"https:\/\/naturformat.de\/wordpress\/about\/\" \/>\n<meta property=\"og:site_name\" content=\"naturformat\" \/>\n<meta property=\"article:modified_time\" content=\"2021-03-18T20:56:49+00:00\" \/>\n<meta property=\"og:image\" content=\"https:\/\/naturformat.de\/wordpress\/wp-content\/uploads\/2020\/12\/benjamin-gross-200x300.jpg\" \/>\n<meta name=\"twitter:card\" content=\"summary_large_image\" \/>\n<meta name=\"twitter:label1\" content=\"Gesch\u00e4tzte Lesezeit\" \/>\n\t<meta name=\"twitter:data1\" content=\"4\u00a0Minuten\" \/>\n<script type=\"application\/ld+json\" class=\"yoast-schema-graph\">{\"@context\":\"https:\/\/schema.org\",\"@graph\":[{\"@type\":\"WebPage\",\"@id\":\"https:\/\/naturformat.de\/wordpress\/about\/\",\"url\":\"https:\/\/naturformat.de\/wordpress\/about\/\",\"name\":\"about - naturformat\",\"isPartOf\":{\"@id\":\"https:\/\/naturformat.de\/wordpress\/#website\"},\"primaryImageOfPage\":{\"@id\":\"https:\/\/naturformat.de\/wordpress\/about\/#primaryimage\"},\"image\":{\"@id\":\"https:\/\/naturformat.de\/wordpress\/about\/#primaryimage\"},\"thumbnailUrl\":\"https:\/\/naturformat.de\/wordpress\/wp-content\/uploads\/2020\/12\/benjamin-gross-200x300.jpg\",\"datePublished\":\"2020-02-21T08:42:06+00:00\",\"dateModified\":\"2021-03-18T20:56:49+00:00\",\"breadcrumb\":{\"@id\":\"https:\/\/naturformat.de\/wordpress\/about\/#breadcrumb\"},\"inLanguage\":\"de\",\"potentialAction\":[{\"@type\":\"ReadAction\",\"target\":[\"https:\/\/naturformat.de\/wordpress\/about\/\"]}]},{\"@type\":\"ImageObject\",\"inLanguage\":\"de\",\"@id\":\"https:\/\/naturformat.de\/wordpress\/about\/#primaryimage\",\"url\":\"https:\/\/naturformat.de\/wordpress\/wp-content\/uploads\/2020\/12\/benjamin-gross.jpg\",\"contentUrl\":\"https:\/\/naturformat.de\/wordpress\/wp-content\/uploads\/2020\/12\/benjamin-gross.jpg\",\"width\":683,\"height\":1024},{\"@type\":\"BreadcrumbList\",\"@id\":\"https:\/\/naturformat.de\/wordpress\/about\/#breadcrumb\",\"itemListElement\":[{\"@type\":\"ListItem\",\"position\":1,\"name\":\"Startseite\",\"item\":\"https:\/\/naturformat.de\/wordpress\/\"},{\"@type\":\"ListItem\",\"position\":2,\"name\":\"about\"}]},{\"@type\":\"WebSite\",\"@id\":\"https:\/\/naturformat.de\/wordpress\/#website\",\"url\":\"https:\/\/naturformat.de\/wordpress\/\",\"name\":\"naturformat\",\"description\":\"Photography by Benjamin Waldmann\",\"potentialAction\":[{\"@type\":\"SearchAction\",\"target\":{\"@type\":\"EntryPoint\",\"urlTemplate\":\"https:\/\/naturformat.de\/wordpress\/?s={search_term_string}\"},\"query-input\":{\"@type\":\"PropertyValueSpecification\",\"valueRequired\":true,\"valueName\":\"search_term_string\"}}],\"inLanguage\":\"de\"}]}<\/script>\n<!-- \/ Yoast SEO plugin. -->","yoast_head_json":{"title":"about - naturformat","robots":{"index":"index","follow":"follow","max-snippet":"max-snippet:-1","max-image-preview":"max-image-preview:large","max-video-preview":"max-video-preview:-1"},"canonical":"https:\/\/naturformat.de\/wordpress\/about\/","og_locale":"de_DE","og_type":"article","og_title":"about - naturformat","og_description":"about Es wurde mir in die Wiege gelegt: Die Liebe zur Natur und das Interesse an der Fotografie. Aufgewachsen in einer l\u00e4ndlichen Gegend im Nordosten&hellip;","og_url":"https:\/\/naturformat.de\/wordpress\/about\/","og_site_name":"naturformat","article_modified_time":"2021-03-18T20:56:49+00:00","og_image":[{"url":"https:\/\/naturformat.de\/wordpress\/wp-content\/uploads\/2020\/12\/benjamin-gross-200x300.jpg","type":"","width":"","height":""}],"twitter_card":"summary_large_image","twitter_misc":{"Gesch\u00e4tzte Lesezeit":"4\u00a0Minuten"},"schema":{"@context":"https:\/\/schema.org","@graph":[{"@type":"WebPage","@id":"https:\/\/naturformat.de\/wordpress\/about\/","url":"https:\/\/naturformat.de\/wordpress\/about\/","name":"about - naturformat","isPartOf":{"@id":"https:\/\/naturformat.de\/wordpress\/#website"},"primaryImageOfPage":{"@id":"https:\/\/naturformat.de\/wordpress\/about\/#primaryimage"},"image":{"@id":"https:\/\/naturformat.de\/wordpress\/about\/#primaryimage"},"thumbnailUrl":"https:\/\/naturformat.de\/wordpress\/wp-content\/uploads\/2020\/12\/benjamin-gross-200x300.jpg","datePublished":"2020-02-21T08:42:06+00:00","dateModified":"2021-03-18T20:56:49+00:00","breadcrumb":{"@id":"https:\/\/naturformat.de\/wordpress\/about\/#breadcrumb"},"inLanguage":"de","potentialAction":[{"@type":"ReadAction","target":["https:\/\/naturformat.de\/wordpress\/about\/"]}]},{"@type":"ImageObject","inLanguage":"de","@id":"https:\/\/naturformat.de\/wordpress\/about\/#primaryimage","url":"https:\/\/naturformat.de\/wordpress\/wp-content\/uploads\/2020\/12\/benjamin-gross.jpg","contentUrl":"https:\/\/naturformat.de\/wordpress\/wp-content\/uploads\/2020\/12\/benjamin-gross.jpg","width":683,"height":1024},{"@type":"BreadcrumbList","@id":"https:\/\/naturformat.de\/wordpress\/about\/#breadcrumb","itemListElement":[{"@type":"ListItem","position":1,"name":"Startseite","item":"https:\/\/naturformat.de\/wordpress\/"},{"@type":"ListItem","position":2,"name":"about"}]},{"@type":"WebSite","@id":"https:\/\/naturformat.de\/wordpress\/#website","url":"https:\/\/naturformat.de\/wordpress\/","name":"naturformat","description":"Photography by Benjamin Waldmann","potentialAction":[{"@type":"SearchAction","target":{"@type":"EntryPoint","urlTemplate":"https:\/\/naturformat.de\/wordpress\/?s={search_term_string}"},"query-input":{"@type":"PropertyValueSpecification","valueRequired":true,"valueName":"search_term_string"}}],"inLanguage":"de"}]}},"jetpack_sharing_enabled":true,"_links":{"self":[{"href":"https:\/\/naturformat.de\/wordpress\/wp-json\/wp\/v2\/pages\/268","targetHints":{"allow":["GET"]}}],"collection":[{"href":"https:\/\/naturformat.de\/wordpress\/wp-json\/wp\/v2\/pages"}],"about":[{"href":"https:\/\/naturformat.de\/wordpress\/wp-json\/wp\/v2\/types\/page"}],"author":[{"embeddable":true,"href":"https:\/\/naturformat.de\/wordpress\/wp-json\/wp\/v2\/users\/1"}],"replies":[{"embeddable":true,"href":"https:\/\/naturformat.de\/wordpress\/wp-json\/wp\/v2\/comments?post=268"}],"version-history":[{"count":15,"href":"https:\/\/naturformat.de\/wordpress\/wp-json\/wp\/v2\/pages\/268\/revisions"}],"predecessor-version":[{"id":1540,"href":"https:\/\/naturformat.de\/wordpress\/wp-json\/wp\/v2\/pages\/268\/revisions\/1540"}],"wp:attachment":[{"href":"https:\/\/naturformat.de\/wordpress\/wp-json\/wp\/v2\/media?parent=268"}],"wp:term":[{"taxonomy":"folder","embeddable":true,"href":"https:\/\/naturformat.de\/wordpress\/wp-json\/wp\/v2\/folder?post=268"}],"curies":[{"name":"wp","href":"https:\/\/api.w.org\/{rel}","templated":true}]}}